{"id":39,"date":"2017-10-06T18:05:01","date_gmt":"2017-10-06T16:05:01","guid":{"rendered":"http:\/\/reliance49.fr\/?page_id=39"},"modified":"2026-02-16T11:51:48","modified_gmt":"2026-02-16T10:51:48","slug":"bilan-de-competences-reconversion-professionnelle-orientation","status":"publish","type":"page","link":"https:\/\/reliance49.fr\/?page_id=39","title":{"rendered":"Bilan d&rsquo;Orientation Professionnelle"},"content":{"rendered":"\n<h5 class=\"wp-block-heading\">Accompagner vos transitions de vie et vos choix professionnels<\/h5>\n\n\n\n<pre class=\"wp-block-preformatted\"><span style=\"color:#410777\" class=\"has-inline-color\">\"J'accepte la plus grande aventure d'\u00eatre moi\"<\/span> Sim<strong>one de Beauvoir<\/strong><\/pre>\n\n\n\n<p>Vous vous questionnez sur votre place ou votre \u00e9volution professionnelle. Vous souhaitez engager un changement plus en accord avec vous m\u00eame et retrouver de la coh\u00e9rence et du sens dans votre vie professionnelle&nbsp; &nbsp;<\/p>\n\n\n\n<p><span style=\"color: #000080;\"><strong>Je vous accompagne \u00e0 <\/strong><\/span><\/p>\n\n\n\n<ul>\n<li><span style=\"color: #800000;\"><span style=\"color: #000080;\">D\u00e9passer un blocage, un sentiment de tiraillement pour clarifier un choix ou engager un changement :<\/span>&nbsp;  <\/span><span style=\"color: #000000;\">Engager de nouveaux choix n\u00e9cessite parfois de revisiter ses fondements personnels et ceux transmis par sa famille pour d\u00e9construire ce qui nous limite et s&rsquo;appuyer sur ses forces, ses ressources pour trouver sa place<\/span><\/li>\n\n\n\n<li><span style=\"color: #000080;\">D\u00e9finir&nbsp; de nouvelles pistes professionnelles, un nouveau projet plus en accord avec vos valeurs et aspirations : &nbsp;r\u00e9orientation-reconversion-\u00e9volution professionnelle<\/span><\/li>\n<\/ul>\n\n\n\n<p><strong>Des \u00e9tapes possibles  :<\/strong><\/p>\n\n\n\n<ul>\n<li>Clarifier votre demande et votre objectif professionnel, ce que vous souhaitez atteindre, changer<\/li>\n\n\n\n<li>Comment votre projet&nbsp; professionnel s\u2019inscrit-il dans votre histoire personnelle et familiale ?<\/li>\n\n\n\n<li>Comprendre, analyser et mettre du sens sur les \u00e9tapes de votre parcours de formation et professionnel<\/li>\n\n\n\n<li>Rep\u00e9rer les transmissions familiales qui impactent les choix professionnels&nbsp; :&nbsp; loyaut\u00e9s, fid\u00e9lit\u00e9s familiales&nbsp; : valeurs,&nbsp; croyances, r\u00e9p\u00e9titions.&nbsp;Prendre de la distance avec ces sch\u00e9mas familiaux et d\u00e9finir de nouvelles affirmations professionnelles<\/li>\n\n\n\n<li>Mieux vous conna\u00eetre : personnalit\u00e9,&nbsp; motivations, centres d&rsquo;int\u00e9r\u00eat professionnels, et vos valeurs concernant le travail<\/li>\n\n\n\n<li>Recenser vos comp\u00e9tences et vos talents naturels<\/li>\n\n\n\n<li>D\u00e9gager de nouvelles pistes et voies professionnelles&nbsp;<\/li>\n\n\n\n<li>Elaborer&nbsp; un projet professionnel , coh\u00e9rent, r\u00e9aliste et les \u00e9tapes n\u00e9cessaires \u00e0 sa r\u00e9alisation, \u00e0 votre rythme, le v\u00f4tre<\/li>\n\n\n\n<li>Lever les freins pour avancer sereinement dans la conduite de votre projet<\/li>\n<\/ul>\n\n\n\n<p><span style=\"color: #000080;\"><strong>Ma d\u00e9marche&nbsp; :<\/strong><\/span><\/p>\n\n\n\n<p>Form\u00e9e \u00e0 la pratique du Bilan de Comp\u00e9tences, \u00e0 la syst\u00e9mie familiale, \u00e0 la psycho-g\u00e9n\u00e9alogie, je m&rsquo;int\u00e9resse aux transmissions familiales dans les choix professionnels, aux complexit\u00e9s de parcours et aux probl\u00e9matiques de choix. Je puise dans ces outils pour r\u00e9pondre \u00e0 vos besoins, vous accompagner et vous reconnecter \u00e0 vous m\u00eame pour faire les choix qui sont profond\u00e9ment les v\u00f4tres !\u00a0 Je m&rsquo;appuie sur la m\u00e9thode R\u00e9flexive qui invite chacun \u00e0 l&rsquo;analyse, la r\u00e9flexion, \u00e0 se projeter, \u00e0 d\u00e9velopper sa capacit\u00e9 d&rsquo;agir.<\/p>\n\n\n\n<p> <span style=\"color: #000080;\"><strong>Concr\u00e8tement :<\/strong><\/span><\/p>\n\n\n\n<p>Avant tout engagement ensemble, <strong>une rencontre pr\u00e9alable<\/strong> permet de faire connaissance, de pr\u00e9senter ma d\u00e9marche et d\u2019entendre votre demande et vos pr\u00e9occupations singuli\u00e8res autour de vos questions d\u2019orientation : faire le point de la situation, clarifier les attentes et la demande, proposer les \u00e9tapes d&rsquo;un bilan.<\/p>\n\n\n\n<p>Un bilan d&rsquo;orientation professionnelle comprend entre 4 et 7 s\u00e9ances en fonction de vos objectifs et de vos besoins, \u00e0 d\u00e9finir ensemble. <\/p>\n\n\n\n<p>S\u00e9ance individuelle de 2h : 60 \u20ac de l&rsquo;heure &#8211; ce tarif comprend le temps de s\u00e9ance, de pr\u00e9paration, d&rsquo;analyse et de r\u00e9daction d&rsquo;une synth\u00e8se<\/p>\n\n\n<div class=\"wp-block-image\">\n<figure class=\"aligncenter size-large is-resized\"><img loading=\"lazy\" decoding=\"async\" width=\"1024\" height=\"771\" src=\"http:\/\/reliance49.fr\/wp-content\/uploads\/2024\/08\/chemin-montagne-1024x771.jpg\" alt=\"\" class=\"wp-image-1368\" style=\"width:335px;height:auto\" srcset=\"https:\/\/reliance49.fr\/wp-content\/uploads\/2024\/08\/chemin-montagne-1024x771.jpg 1024w, https:\/\/reliance49.fr\/wp-content\/uploads\/2024\/08\/chemin-montagne-300x226.jpg 300w, https:\/\/reliance49.fr\/wp-content\/uploads\/2024\/08\/chemin-montagne-768x578.jpg 768w, https:\/\/reliance49.fr\/wp-content\/uploads\/2024\/08\/chemin-montagne-1536x1157.jpg 1536w, https:\/\/reliance49.fr\/wp-content\/uploads\/2024\/08\/chemin-montagne-2048x1542.jpg 2048w\" sizes=\"(max-width: 1024px) 100vw, 1024px\" \/><\/figure><\/div>\n\n\n<p><span style=\"color: #000080;\"><strong>T\u00e9moignages<\/strong><\/span><\/p>\n\n\n\n<p><\/p>\n\n\n\n<ul>\n<li>M &#8211; janvier 2025 &#8211; 37 ans &#8211; \u00ab\u00a0J&rsquo;ai beaucoup appr\u00e9ci\u00e9 travailler avec vous, \u00e7a m&rsquo;a permis de poser concr\u00e8tement les choses et de voir que j&rsquo;avais plusieurs comp\u00e9tences donc plusieurs possibilit\u00e9s qui peuvent s&rsquo;offrir \u00e0 moi!\u00a0\u00bb<\/li>\n\n\n\n<li>Hugo 24 ans : reconversion professionnelle : \u00ab\u00a0Je voulais vous remercier pour votre temps et votre implication pendant les s\u00e9ances. Ce bilan m\u2019a permis de confirmer, d\u2019assumer et de structurer mes objectifs professionnels. IL m\u2019a \u00e9galement permis d\u2019y voir plus clair sur les domaines qui sont en accords avec mon caract\u00e8re, mes envies et mes valeurs.&nbsp; Et au-del\u00e0 de tout \u00e7a, \u00e7a m\u2019a aussi redonn\u00e9 confiance en moi pour la suite, notamment dans le fait de prendre une d\u00e9cision malgr\u00e9 l\u2019incertitude, comme cit\u00e9 dans l\u2019extrait de Charles P\u00e9pin\u00a0\u00bb<\/li>\n\n\n\n<li>St\u00e9phanie 30 ans : Apr\u00e8s une p\u00e9riode de ch\u00f4mage suite au d\u00e9part de son entreprise&nbsp; &nbsp;\u00ab\u00a0Merci beaucoup pour tout. Ces trois rendez-vous m&rsquo;ont permis de reprendre confiance en moi, doucement mais s\u00fbrement. En tout cas de mieux m&rsquo;affirmer et de mieux m&rsquo;\u00e9couter, d&rsquo;\u00eatre plus en accord avec mes envies et mes besoins. Cela m&rsquo;a apais\u00e9 dans mes questionnements et dans ma \u00ab\u00a0qu\u00eate\u00a0\u00bb vers le bien-\u00eatre au travail. \u00ab\u00a0<\/li>\n<\/ul>\n\n\n<div class=\"frm_forms  with_frm_style frm_style_style-formidable\" id=\"frm_form_1_container\" >\n<form enctype=\"multipart\/form-data\" method=\"post\" class=\"frm-show-form \" id=\"form_contact-form\"  >\n<div class=\"frm_form_fields \">\n<fieldset>\n<legend class=\"frm_screen_reader\">Me Contacter<\/legend>\r\n<h3 class=\"frm_form_title\">Me Contacter<\/h3>\r\n<div class=\"frm_fields_container\">\n<input type=\"hidden\" name=\"frm_action\" value=\"create\" \/>\n<input type=\"hidden\" name=\"form_id\" value=\"1\" \/>\n<input type=\"hidden\" name=\"frm_hide_fields_1\" id=\"frm_hide_fields_1\" value=\"\" \/>\n<input type=\"hidden\" name=\"form_key\" value=\"contact-form\" \/>\n<input type=\"hidden\" name=\"item_meta[0]\" value=\"\" \/>\n<input type=\"hidden\" id=\"frm_submit_entry_1\" name=\"frm_submit_entry_1\" value=\"cd07dae629\" \/><input type=\"hidden\" name=\"_wp_http_referer\" value=\"\/index.php?rest_route=%2Fwp%2Fv2%2Fpages%2F39\" \/><div id=\"frm_field_1_container\" class=\"frm_form_field form-field  frm_required_field frm_top_container frm_first frm_half\">\r\n\t<label for=\"field_qh4icy\" id=\"field_qh4icy_label\" class=\"frm_primary_label\">\r\n\t\t<span class=\"frm_required\" aria-hidden=\"true\">*<\/span>\r\n\t<\/label>\r\n\t<input type=\"text\" id=\"field_qh4icy\" name=\"item_meta[1]\" value=\"\"  placeholder=\"Pr\u00e9nom\" data-reqmsg=\"Ce champ ne peut pas \u00eatre vide.\" aria-required=\"true\" data-invmsg=\"Ce champ est non valide\" aria-invalid=\"false\"   aria-describedby=\"frm_desc_field_qh4icy\"\/>\r\n\t<div class=\"frm_description\" id=\"frm_desc_field_qh4icy\">\r\n<\/div>\r\n\t\r\n<\/div>\n<div id=\"frm_field_2_container\" class=\"frm_form_field form-field  frm_required_field frm_hidden_container frm_half\">\r\n\t<label for=\"field_ocfup1\" id=\"field_ocfup1_label\" class=\"frm_primary_label\">\r\n\t\t<span class=\"frm_required\" aria-hidden=\"true\">*<\/span>\r\n\t<\/label>\r\n\t<input type=\"text\" id=\"field_ocfup1\" name=\"item_meta[2]\" value=\"\"  placeholder=\"Nom\" data-reqmsg=\"Ce champ ne peut pas \u00eatre vide.\" aria-required=\"true\" data-invmsg=\"Ce champ est non valide\" aria-invalid=\"false\"  \/>\r\n\t\r\n\t\r\n<\/div>\n<div id=\"frm_field_3_container\" class=\"frm_form_field form-field  frm_required_field frm_top_container frm_full\">\r\n\t<label for=\"field_29yf4d\" id=\"field_29yf4d_label\" class=\"frm_primary_label\">\r\n\t\t<span class=\"frm_required\" aria-hidden=\"true\">*<\/span>\r\n\t<\/label>\r\n\t<input type=\"email\" id=\"field_29yf4d\" name=\"item_meta[3]\" value=\"\"  placeholder=\"Adresse mail\" data-reqmsg=\"Ce champ ne peut pas \u00eatre vide.\" aria-required=\"true\" data-invmsg=\"Please enter a valid email address\" aria-invalid=\"false\"  \/>\r\n\t\r\n\t\r\n<\/div>\n<div id=\"frm_field_7_container\" class=\"frm_form_field form-field  frm_top_container\">\r\n\t<label for=\"field_xtft1\" id=\"field_xtft1_label\" class=\"frm_primary_label\">\r\n\t\t<span class=\"frm_required\" aria-hidden=\"true\"><\/span>\r\n\t<\/label>\r\n\t<input type=\"tel\" id=\"field_xtft1\" name=\"item_meta[7]\" value=\"\"  placeholder=\"T\u00e9l\u00e9phone (Optionnel)\" data-invmsg=\"Ce champ est non valide\" aria-invalid=\"false\" pattern=\"((\\+\\d{1,3}(-|.| )?\\(?\\d\\)?(-| |.)?\\d{1,5})|(\\(?\\d{2,6}\\)?))(-|.| )?(\\d{3,4})(-|.| )?(\\d{4})(( x| ext)\\d{1,5}){0,1}$\"  \/>\r\n\t\r\n\t\r\n<\/div>\n<div id=\"frm_field_4_container\" class=\"frm_form_field form-field  frm_required_field frm_top_container frm_full\">\r\n\t<label for=\"field_e6lis6\" id=\"field_e6lis6_label\" class=\"frm_primary_label\">\r\n\t\t<span class=\"frm_required\" aria-hidden=\"true\">*<\/span>\r\n\t<\/label>\r\n\t<input type=\"text\" id=\"field_e6lis6\" name=\"item_meta[4]\" value=\"\"  placeholder=\"Objet\" data-reqmsg=\"Ce champ ne peut pas \u00eatre vide.\" aria-required=\"true\" data-invmsg=\"Ce champ est non valide\" aria-invalid=\"false\"  \/>\r\n\t\r\n\t\r\n<\/div>\n<div id=\"frm_field_5_container\" class=\"frm_form_field form-field  frm_required_field frm_top_container frm_full\">\r\n\t<label for=\"field_9jv0r1\" id=\"field_9jv0r1_label\" class=\"frm_primary_label\">\r\n\t\t<span class=\"frm_required\" aria-hidden=\"true\">*<\/span>\r\n\t<\/label>\r\n\t<textarea name=\"item_meta[5]\" id=\"field_9jv0r1\" rows=\"5\"  placeholder=\"Tapez ici...\" data-reqmsg=\"Ce champ ne peut pas \u00eatre vide.\" aria-required=\"true\" data-invmsg=\"Ce champ est non valide\" aria-invalid=\"false\"  ><\/textarea>\r\n\t\r\n\t\r\n<\/div>\n<div id=\"frm_field_6_container\" class=\"frm_form_field form-field  frm_half\">\r\n\t<div class=\"frm_submit frm_flex\">\r\n<button class=\"frm_button_submit\" type=\"submit\"  >Envoyer<\/button>\r\n\r\n\r\n\r\n<\/div>\r\n<\/div>\n\t<input type=\"hidden\" name=\"item_key\" value=\"\" \/>\n\t\t\t\t<div class=\"frm__6687056ca84d5\">\n\t\t\t\t<label for=\"frm_email_1\" >\n\t\t\t\t\tSi vous \u00eates un humain, ne remplissez pas ce champ.\t\t\t\t<\/label>\n\t\t\t\t<input  id=\"frm_email_1\" type=\"text\" class=\"frm_verify\" name=\"frm__6687056ca84d5\" value=\"\" autocomplete=\"off\"  \/>\n\t\t\t<\/div>\n\t\t<\/div>\n<\/fieldset>\n<\/div>\n<\/form>\n<\/div>\n\n\n\n<h2 class=\"wp-block-heading\"><\/h2>\n\n\n\n<h2 class=\"wp-block-heading\"><\/h2>\n","protected":false},"excerpt":{"rendered":"<p>Accompagner vos transitions de vie et vos choix professionnels \u00ab\u00a0J&rsquo;accepte la plus grande aventure d&rsquo;\u00eatre moi\u00a0\u00bb Simone de Beauvoir Vous vous questionnez sur votre place ou votre \u00e9volution professionnelle. Vous souhaitez engager un changement plus en accord avec vous m\u00eame et retrouver de la coh\u00e9rence et du sens dans votre vie professionnelle&nbsp; &nbsp; Je vous &hellip; <a href=\"https:\/\/reliance49.fr\/?page_id=39\" class=\"more-link\">Continuer la lecture de <span class=\"screen-reader-text\">Bilan d&rsquo;Orientation Professionnelle<\/span> <span class=\"meta-nav\">&rarr;<\/span><\/a><\/p>\n","protected":false},"author":1,"featured_media":1334,"parent":0,"menu_order":2,"comment_status":"closed","ping_status":"closed","template":"","meta":{"footnotes":""},"yoast_head":"<!-- This site is optimized with the Yoast SEO plugin v17.1 - https:\/\/yoast.com\/wordpress\/plugins\/seo\/ -->\n<meta name=\"description\" content=\"Form\u00e9e \u00e0 la pratique du bilan de comp\u00e9tences, \u00e0 la syst\u00e9mie familiale, je vous accompagne \u00e0 reconstruire votre projet professionnel 100% vous!\" \/>\n<meta name=\"robots\" content=\"index, follow, max-snippet:-1, max-image-preview:large, max-video-preview:-1\" \/>\n<link rel=\"canonical\" href=\"https:\/\/reliance49.fr\/?page_id=39\" \/>\n<meta property=\"og:locale\" content=\"fr_FR\" \/>\n<meta property=\"og:type\" content=\"article\" \/>\n<meta property=\"og:title\" content=\"Transitions de vie et Choix professionnels - Reconversion professionnelle-\" \/>\n<meta property=\"og:description\" content=\"Form\u00e9e \u00e0 la pratique du bilan de comp\u00e9tences, \u00e0 la syst\u00e9mie familiale, je vous accompagne \u00e0 reconstruire votre projet professionnel 100% vous!\" \/>\n<meta property=\"og:url\" content=\"https:\/\/reliance49.fr\/?page_id=39\" \/>\n<meta property=\"og:site_name\" content=\"reliance49\" \/>\n<meta property=\"article:modified_time\" content=\"2026-02-16T10:51:48+00:00\" \/>\n<meta property=\"og:image\" content=\"http:\/\/reliance49.fr\/wp-content\/uploads\/2024\/08\/1000015774-scaled.jpg\" \/>\n\t<meta property=\"og:image:width\" content=\"1920\" \/>\n\t<meta property=\"og:image:height\" content=\"2560\" \/>\n<meta name=\"twitter:card\" content=\"summary_large_image\" \/>\n<meta name=\"twitter:label1\" content=\"Dur\u00e9e de lecture est.\" \/>\n\t<meta name=\"twitter:data1\" content=\"3 minutes\" \/>\n<script type=\"application\/ld+json\" class=\"yoast-schema-graph\">{\"@context\":\"https:\/\/schema.org\",\"@graph\":[{\"@type\":\"WebSite\",\"@id\":\"https:\/\/reliance49.fr\/#website\",\"url\":\"https:\/\/reliance49.fr\/\",\"name\":\"reliance49\",\"description\":\"orientation scolaire et professionnelle \",\"potentialAction\":[{\"@type\":\"SearchAction\",\"target\":{\"@type\":\"EntryPoint\",\"urlTemplate\":\"https:\/\/reliance49.fr\/?s={search_term_string}\"},\"query-input\":\"required name=search_term_string\"}],\"inLanguage\":\"fr-FR\"},{\"@type\":\"ImageObject\",\"@id\":\"https:\/\/reliance49.fr\/?page_id=39#primaryimage\",\"inLanguage\":\"fr-FR\",\"url\":\"https:\/\/reliance49.fr\/wp-content\/uploads\/2024\/08\/1000015774-scaled.jpg\",\"contentUrl\":\"https:\/\/reliance49.fr\/wp-content\/uploads\/2024\/08\/1000015774-scaled.jpg\",\"width\":1920,\"height\":2560},{\"@type\":\"WebPage\",\"@id\":\"https:\/\/reliance49.fr\/?page_id=39#webpage\",\"url\":\"https:\/\/reliance49.fr\/?page_id=39\",\"name\":\"Transitions de vie et Choix professionnels - Reconversion professionnelle-\",\"isPartOf\":{\"@id\":\"https:\/\/reliance49.fr\/#website\"},\"primaryImageOfPage\":{\"@id\":\"https:\/\/reliance49.fr\/?page_id=39#primaryimage\"},\"datePublished\":\"2017-10-06T16:05:01+00:00\",\"dateModified\":\"2026-02-16T10:51:48+00:00\",\"description\":\"Form\\u00e9e \\u00e0 la pratique du bilan de comp\\u00e9tences, \\u00e0 la syst\\u00e9mie familiale, je vous accompagne \\u00e0 reconstruire votre projet professionnel 100% vous!\",\"breadcrumb\":{\"@id\":\"https:\/\/reliance49.fr\/?page_id=39#breadcrumb\"},\"inLanguage\":\"fr-FR\",\"potentialAction\":[{\"@type\":\"ReadAction\",\"target\":[\"https:\/\/reliance49.fr\/?page_id=39\"]}]},{\"@type\":\"BreadcrumbList\",\"@id\":\"https:\/\/reliance49.fr\/?page_id=39#breadcrumb\",\"itemListElement\":[{\"@type\":\"ListItem\",\"position\":1,\"name\":\"Accueil\",\"item\":\"https:\/\/reliance49.fr\/\"},{\"@type\":\"ListItem\",\"position\":2,\"name\":\"Bilan d&rsquo;Orientation Professionnelle\"}]}]}<\/script>\n<!-- \/ Yoast SEO plugin. -->","yoast_head_json":{"description":"Form\u00e9e \u00e0 la pratique du bilan de comp\u00e9tences, \u00e0 la syst\u00e9mie familiale, je vous accompagne \u00e0 reconstruire votre projet professionnel 100% vous!","robots":{"index":"index","follow":"follow","max-snippet":"max-snippet:-1","max-image-preview":"max-image-preview:large","max-video-preview":"max-video-preview:-1"},"canonical":"https:\/\/reliance49.fr\/?page_id=39","og_locale":"fr_FR","og_type":"article","og_title":"Transitions de vie et Choix professionnels - Reconversion professionnelle-","og_description":"Form\u00e9e \u00e0 la pratique du bilan de comp\u00e9tences, \u00e0 la syst\u00e9mie familiale, je vous accompagne \u00e0 reconstruire votre projet professionnel 100% vous!","og_url":"https:\/\/reliance49.fr\/?page_id=39","og_site_name":"reliance49","article_modified_time":"2026-02-16T10:51:48+00:00","og_image":[{"width":1920,"height":2560,"filesize":1074721,"url":"http:\/\/reliance49.fr\/wp-content\/uploads\/2024\/08\/1000015774-scaled.jpg","path":"\/home\/reliancebp\/www\/wp-content\/uploads\/2024\/08\/1000015774-scaled.jpg","size":"full","id":1334,"alt":"","pixels":4915200,"type":"image\/jpeg"}],"twitter_card":"summary_large_image","twitter_misc":{"Dur\u00e9e de lecture est.":"3 minutes"},"schema":{"@context":"https:\/\/schema.org","@graph":[{"@type":"WebSite","@id":"https:\/\/reliance49.fr\/#website","url":"https:\/\/reliance49.fr\/","name":"reliance49","description":"orientation scolaire et professionnelle ","potentialAction":[{"@type":"SearchAction","target":{"@type":"EntryPoint","urlTemplate":"https:\/\/reliance49.fr\/?s={search_term_string}"},"query-input":"required name=search_term_string"}],"inLanguage":"fr-FR"},{"@type":"ImageObject","@id":"https:\/\/reliance49.fr\/?page_id=39#primaryimage","inLanguage":"fr-FR","url":"https:\/\/reliance49.fr\/wp-content\/uploads\/2024\/08\/1000015774-scaled.jpg","contentUrl":"https:\/\/reliance49.fr\/wp-content\/uploads\/2024\/08\/1000015774-scaled.jpg","width":1920,"height":2560},{"@type":"WebPage","@id":"https:\/\/reliance49.fr\/?page_id=39#webpage","url":"https:\/\/reliance49.fr\/?page_id=39","name":"Transitions de vie et Choix professionnels - Reconversion professionnelle-","isPartOf":{"@id":"https:\/\/reliance49.fr\/#website"},"primaryImageOfPage":{"@id":"https:\/\/reliance49.fr\/?page_id=39#primaryimage"},"datePublished":"2017-10-06T16:05:01+00:00","dateModified":"2026-02-16T10:51:48+00:00","description":"Form\u00e9e \u00e0 la pratique du bilan de comp\u00e9tences, \u00e0 la syst\u00e9mie familiale, je vous accompagne \u00e0 reconstruire votre projet professionnel 100% vous!","breadcrumb":{"@id":"https:\/\/reliance49.fr\/?page_id=39#breadcrumb"},"inLanguage":"fr-FR","potentialAction":[{"@type":"ReadAction","target":["https:\/\/reliance49.fr\/?page_id=39"]}]},{"@type":"BreadcrumbList","@id":"https:\/\/reliance49.fr\/?page_id=39#breadcrumb","itemListElement":[{"@type":"ListItem","position":1,"name":"Accueil","item":"https:\/\/reliance49.fr\/"},{"@type":"ListItem","position":2,"name":"Bilan d&rsquo;Orientation Professionnelle"}]}]}},"_links":{"self":[{"href":"https:\/\/reliance49.fr\/index.php?rest_route=\/wp\/v2\/pages\/39"}],"collection":[{"href":"https:\/\/reliance49.fr\/index.php?rest_route=\/wp\/v2\/pages"}],"about":[{"href":"https:\/\/reliance49.fr\/index.php?rest_route=\/wp\/v2\/types\/page"}],"author":[{"embeddable":true,"href":"https:\/\/reliance49.fr\/index.php?rest_route=\/wp\/v2\/users\/1"}],"replies":[{"embeddable":true,"href":"https:\/\/reliance49.fr\/index.php?rest_route=%2Fwp%2Fv2%2Fcomments&post=39"}],"version-history":[{"count":114,"href":"https:\/\/reliance49.fr\/index.php?rest_route=\/wp\/v2\/pages\/39\/revisions"}],"predecessor-version":[{"id":1691,"href":"https:\/\/reliance49.fr\/index.php?rest_route=\/wp\/v2\/pages\/39\/revisions\/1691"}],"wp:featuredmedia":[{"embeddable":true,"href":"https:\/\/reliance49.fr\/index.php?rest_route=\/wp\/v2\/media\/1334"}],"wp:attachment":[{"href":"https:\/\/reliance49.fr\/index.php?rest_route=%2Fwp%2Fv2%2Fmedia&parent=39"}],"curies":[{"name":"wp","href":"https:\/\/api.w.org\/{rel}","templated":true}]}}