{"id":882,"date":"2022-04-25T14:55:57","date_gmt":"2022-04-25T12:55:57","guid":{"rendered":"http:\/\/reliance49.fr\/?page_id=882"},"modified":"2026-03-27T10:06:06","modified_gmt":"2026-03-27T09:06:06","slug":"me-contacter","status":"publish","type":"page","link":"https:\/\/reliance49.fr\/?page_id=882","title":{"rendered":"Me contacter"},"content":{"rendered":"\n<h3 class=\"wp-block-heading\">Je vous accueille <\/h3>\n\n\n\n<p><strong>\u00e0 Saint Barth\u00e9lemy d&rsquo;Anjou<\/strong> :&nbsp; &nbsp; au 2 rue Jean Lur\u00e7at&nbsp;, 2\u00e8me \u00e9tage, au sein d&rsquo;un lieu qui regroupe psychologues , th\u00e9rapeute de couple et de famille, praticienne en hypnose, psychologue du travail, cours de pilate, sophrologue.<\/p>\n\n\n\n<p><strong>\u00e0 Blaison Gohier <\/strong> :  55 impasse Berthe Bricage.<\/p>\n\n\n\n<p>&nbsp; &nbsp; &nbsp;Soyez les bienvenus !<\/p>\n\n\n\n<h3 class=\"wp-block-heading\">Annie ESNAULT Furmanek E.I.<\/h3>\n\n\n\n<h3 class=\"wp-block-heading\">06 88 50 23 16  <\/h3>\n\n\n\n<p>ou <strong>par mail :<\/strong>  reliance49 suivi de @orange.fr<\/p>\n\n\n\n<figure class=\"wp-block-image size-full is-resized\"><img loading=\"lazy\" decoding=\"async\" width=\"390\" height=\"618\" src=\"http:\/\/reliance49.fr\/wp-content\/uploads\/2025\/06\/IMG_20250528_230508.jpg\" alt=\"\" class=\"wp-image-1511\" style=\"width:156px;height:auto\" srcset=\"https:\/\/reliance49.fr\/wp-content\/uploads\/2025\/06\/IMG_20250528_230508.jpg 390w, https:\/\/reliance49.fr\/wp-content\/uploads\/2025\/06\/IMG_20250528_230508-189x300.jpg 189w\" sizes=\"(max-width: 390px) 100vw, 390px\" \/><\/figure>\n\n\n\n<p>Siret : 83240409900034<\/p>\n\n\n<div class=\"frm_forms  with_frm_style frm_style_style-formidable\" id=\"frm_form_1_container\" >\n<form enctype=\"multipart\/form-data\" method=\"post\" class=\"frm-show-form \" id=\"form_contact-form\"  >\n<div class=\"frm_form_fields \">\n<fieldset>\n<legend class=\"frm_screen_reader\">Me Contacter<\/legend>\r\n<h3 class=\"frm_form_title\">Me Contacter<\/h3>\r\n<div class=\"frm_fields_container\">\n<input type=\"hidden\" name=\"frm_action\" value=\"create\" \/>\n<input type=\"hidden\" name=\"form_id\" value=\"1\" \/>\n<input type=\"hidden\" name=\"frm_hide_fields_1\" id=\"frm_hide_fields_1\" value=\"\" \/>\n<input type=\"hidden\" name=\"form_key\" value=\"contact-form\" \/>\n<input type=\"hidden\" name=\"item_meta[0]\" value=\"\" \/>\n<input type=\"hidden\" id=\"frm_submit_entry_1\" name=\"frm_submit_entry_1\" value=\"381cb6dd11\" \/><input type=\"hidden\" name=\"_wp_http_referer\" value=\"\/index.php?rest_route=%2Fwp%2Fv2%2Fpages%2F882\" \/><div id=\"frm_field_1_container\" class=\"frm_form_field form-field  frm_required_field frm_top_container frm_first frm_half\">\r\n\t<label for=\"field_qh4icy\" id=\"field_qh4icy_label\" class=\"frm_primary_label\">\r\n\t\t<span class=\"frm_required\" aria-hidden=\"true\">*<\/span>\r\n\t<\/label>\r\n\t<input type=\"text\" id=\"field_qh4icy\" name=\"item_meta[1]\" value=\"\"  placeholder=\"Pr\u00e9nom\" data-reqmsg=\"Ce champ ne peut pas \u00eatre vide.\" aria-required=\"true\" data-invmsg=\"Ce champ est non valide\" aria-invalid=\"false\"   aria-describedby=\"frm_desc_field_qh4icy\"\/>\r\n\t<div class=\"frm_description\" id=\"frm_desc_field_qh4icy\">\r\n<\/div>\r\n\t\r\n<\/div>\n<div id=\"frm_field_2_container\" class=\"frm_form_field form-field  frm_required_field frm_hidden_container frm_half\">\r\n\t<label for=\"field_ocfup1\" id=\"field_ocfup1_label\" class=\"frm_primary_label\">\r\n\t\t<span class=\"frm_required\" aria-hidden=\"true\">*<\/span>\r\n\t<\/label>\r\n\t<input type=\"text\" id=\"field_ocfup1\" name=\"item_meta[2]\" value=\"\"  placeholder=\"Nom\" data-reqmsg=\"Ce champ ne peut pas \u00eatre vide.\" aria-required=\"true\" data-invmsg=\"Ce champ est non valide\" aria-invalid=\"false\"  \/>\r\n\t\r\n\t\r\n<\/div>\n<div id=\"frm_field_3_container\" class=\"frm_form_field form-field  frm_required_field frm_top_container frm_full\">\r\n\t<label for=\"field_29yf4d\" id=\"field_29yf4d_label\" class=\"frm_primary_label\">\r\n\t\t<span class=\"frm_required\" aria-hidden=\"true\">*<\/span>\r\n\t<\/label>\r\n\t<input type=\"email\" id=\"field_29yf4d\" name=\"item_meta[3]\" value=\"\"  placeholder=\"Adresse mail\" data-reqmsg=\"Ce champ ne peut pas \u00eatre vide.\" aria-required=\"true\" data-invmsg=\"Please enter a valid email address\" aria-invalid=\"false\"  \/>\r\n\t\r\n\t\r\n<\/div>\n<div id=\"frm_field_7_container\" class=\"frm_form_field form-field  frm_top_container\">\r\n\t<label for=\"field_xtft1\" id=\"field_xtft1_label\" class=\"frm_primary_label\">\r\n\t\t<span class=\"frm_required\" aria-hidden=\"true\"><\/span>\r\n\t<\/label>\r\n\t<input type=\"tel\" id=\"field_xtft1\" name=\"item_meta[7]\" value=\"\"  placeholder=\"T\u00e9l\u00e9phone (Optionnel)\" data-invmsg=\"Ce champ est non valide\" aria-invalid=\"false\" pattern=\"((\\+\\d{1,3}(-|.| )?\\(?\\d\\)?(-| |.)?\\d{1,5})|(\\(?\\d{2,6}\\)?))(-|.| )?(\\d{3,4})(-|.| )?(\\d{4})(( x| ext)\\d{1,5}){0,1}$\"  \/>\r\n\t\r\n\t\r\n<\/div>\n<div id=\"frm_field_4_container\" class=\"frm_form_field form-field  frm_required_field frm_top_container frm_full\">\r\n\t<label for=\"field_e6lis6\" id=\"field_e6lis6_label\" class=\"frm_primary_label\">\r\n\t\t<span class=\"frm_required\" aria-hidden=\"true\">*<\/span>\r\n\t<\/label>\r\n\t<input type=\"text\" id=\"field_e6lis6\" name=\"item_meta[4]\" value=\"\"  placeholder=\"Objet\" data-reqmsg=\"Ce champ ne peut pas \u00eatre vide.\" aria-required=\"true\" data-invmsg=\"Ce champ est non valide\" aria-invalid=\"false\"  \/>\r\n\t\r\n\t\r\n<\/div>\n<div id=\"frm_field_5_container\" class=\"frm_form_field form-field  frm_required_field frm_top_container frm_full\">\r\n\t<label for=\"field_9jv0r1\" id=\"field_9jv0r1_label\" class=\"frm_primary_label\">\r\n\t\t<span class=\"frm_required\" aria-hidden=\"true\">*<\/span>\r\n\t<\/label>\r\n\t<textarea name=\"item_meta[5]\" id=\"field_9jv0r1\" rows=\"5\"  placeholder=\"Tapez ici...\" data-reqmsg=\"Ce champ ne peut pas \u00eatre vide.\" aria-required=\"true\" data-invmsg=\"Ce champ est non valide\" aria-invalid=\"false\"  ><\/textarea>\r\n\t\r\n\t\r\n<\/div>\n<div id=\"frm_field_6_container\" class=\"frm_form_field form-field  frm_half\">\r\n\t<div class=\"frm_submit frm_flex\">\r\n<button class=\"frm_button_submit\" type=\"submit\"  >Envoyer<\/button>\r\n\r\n\r\n\r\n<\/div>\r\n<\/div>\n\t<input type=\"hidden\" name=\"item_key\" value=\"\" \/>\n\t\t\t\t<div class=\"frm__6687056ca84d5\">\n\t\t\t\t<label for=\"frm_email_1\" >\n\t\t\t\t\tSi vous \u00eates un humain, ne remplissez pas ce champ.\t\t\t\t<\/label>\n\t\t\t\t<input  id=\"frm_email_1\" type=\"text\" class=\"frm_verify\" name=\"frm__6687056ca84d5\" value=\"\" autocomplete=\"off\"  \/>\n\t\t\t<\/div>\n\t\t<\/div>\n<\/fieldset>\n<\/div>\n<\/form>\n<\/div>\n","protected":false},"excerpt":{"rendered":"<p>Je vous accueille \u00e0 Saint Barth\u00e9lemy d&rsquo;Anjou :&nbsp; &nbsp; au 2 rue Jean Lur\u00e7at&nbsp;, 2\u00e8me \u00e9tage, au sein d&rsquo;un lieu qui regroupe psychologues , th\u00e9rapeute de couple et de famille, praticienne en hypnose, psychologue du travail, cours de pilate, sophrologue. \u00e0 Blaison Gohier : 55 impasse Berthe Bricage. &nbsp; &nbsp; &nbsp;Soyez les bienvenus ! Annie &hellip; <a href=\"https:\/\/reliance49.fr\/?page_id=882\" class=\"more-link\">Continuer la lecture de <span class=\"screen-reader-text\">Me contacter<\/span> <span class=\"meta-nav\">&rarr;<\/span><\/a><\/p>\n","protected":false},"author":1,"featured_media":0,"parent":0,"menu_order":9,"comment_status":"closed","ping_status":"closed","template":"","meta":{"footnotes":""},"yoast_head":"<!-- This site is optimized with the Yoast SEO plugin v17.1 - https:\/\/yoast.com\/wordpress\/plugins\/seo\/ -->\n<meta name=\"description\" content=\"Orientation scolaire et professionnelle : je vous accompagne sur votre chemin propre, vous aligner avec vous m\u00eame et vous d\u00e9ployer pleinement\" \/>\n<meta name=\"robots\" content=\"index, follow, max-snippet:-1, max-image-preview:large, max-video-preview:-1\" \/>\n<link rel=\"canonical\" href=\"https:\/\/reliance49.fr\/?page_id=882\" \/>\n<meta property=\"og:locale\" content=\"fr_FR\" \/>\n<meta property=\"og:type\" content=\"article\" \/>\n<meta property=\"og:title\" content=\"Me contacter - reliance49\" \/>\n<meta property=\"og:description\" content=\"Orientation scolaire et professionnelle : je vous accompagne sur votre chemin propre, vous aligner avec vous m\u00eame et vous d\u00e9ployer pleinement\" \/>\n<meta property=\"og:url\" content=\"https:\/\/reliance49.fr\/?page_id=882\" \/>\n<meta property=\"og:site_name\" content=\"reliance49\" \/>\n<meta property=\"article:modified_time\" content=\"2026-03-27T09:06:06+00:00\" \/>\n<meta property=\"og:image\" content=\"http:\/\/reliance49.fr\/wp-content\/uploads\/2025\/06\/IMG_20250528_230508.jpg\" \/>\n<meta name=\"twitter:card\" content=\"summary_large_image\" \/>\n<meta name=\"twitter:label1\" content=\"Dur\u00e9e de lecture est.\" \/>\n\t<meta name=\"twitter:data1\" content=\"1 minute\" \/>\n<script type=\"application\/ld+json\" class=\"yoast-schema-graph\">{\"@context\":\"https:\/\/schema.org\",\"@graph\":[{\"@type\":\"WebSite\",\"@id\":\"https:\/\/reliance49.fr\/#website\",\"url\":\"https:\/\/reliance49.fr\/\",\"name\":\"reliance49\",\"description\":\"orientation scolaire et professionnelle \",\"potentialAction\":[{\"@type\":\"SearchAction\",\"target\":{\"@type\":\"EntryPoint\",\"urlTemplate\":\"https:\/\/reliance49.fr\/?s={search_term_string}\"},\"query-input\":\"required name=search_term_string\"}],\"inLanguage\":\"fr-FR\"},{\"@type\":\"ImageObject\",\"@id\":\"https:\/\/reliance49.fr\/?page_id=882#primaryimage\",\"inLanguage\":\"fr-FR\",\"url\":\"http:\/\/reliance49.fr\/wp-content\/uploads\/2025\/06\/IMG_20250528_230508.jpg\",\"contentUrl\":\"http:\/\/reliance49.fr\/wp-content\/uploads\/2025\/06\/IMG_20250528_230508.jpg\"},{\"@type\":\"WebPage\",\"@id\":\"https:\/\/reliance49.fr\/?page_id=882#webpage\",\"url\":\"https:\/\/reliance49.fr\/?page_id=882\",\"name\":\"Me contacter - reliance49\",\"isPartOf\":{\"@id\":\"https:\/\/reliance49.fr\/#website\"},\"primaryImageOfPage\":{\"@id\":\"https:\/\/reliance49.fr\/?page_id=882#primaryimage\"},\"datePublished\":\"2022-04-25T12:55:57+00:00\",\"dateModified\":\"2026-03-27T09:06:06+00:00\",\"description\":\"Orientation scolaire et professionnelle : je vous accompagne sur votre chemin propre, vous aligner avec vous m\\u00eame et vous d\\u00e9ployer pleinement\",\"breadcrumb\":{\"@id\":\"https:\/\/reliance49.fr\/?page_id=882#breadcrumb\"},\"inLanguage\":\"fr-FR\",\"potentialAction\":[{\"@type\":\"ReadAction\",\"target\":[\"https:\/\/reliance49.fr\/?page_id=882\"]}]},{\"@type\":\"BreadcrumbList\",\"@id\":\"https:\/\/reliance49.fr\/?page_id=882#breadcrumb\",\"itemListElement\":[{\"@type\":\"ListItem\",\"position\":1,\"name\":\"Accueil\",\"item\":\"https:\/\/reliance49.fr\/\"},{\"@type\":\"ListItem\",\"position\":2,\"name\":\"Me contacter\"}]}]}<\/script>\n<!-- \/ Yoast SEO plugin. -->","yoast_head_json":{"description":"Orientation scolaire et professionnelle : je vous accompagne sur votre chemin propre, vous aligner avec vous m\u00eame et vous d\u00e9ployer pleinement","robots":{"index":"index","follow":"follow","max-snippet":"max-snippet:-1","max-image-preview":"max-image-preview:large","max-video-preview":"max-video-preview:-1"},"canonical":"https:\/\/reliance49.fr\/?page_id=882","og_locale":"fr_FR","og_type":"article","og_title":"Me contacter - reliance49","og_description":"Orientation scolaire et professionnelle : je vous accompagne sur votre chemin propre, vous aligner avec vous m\u00eame et vous d\u00e9ployer pleinement","og_url":"https:\/\/reliance49.fr\/?page_id=882","og_site_name":"reliance49","article_modified_time":"2026-03-27T09:06:06+00:00","og_image":[{"url":"http:\/\/reliance49.fr\/wp-content\/uploads\/2025\/06\/IMG_20250528_230508.jpg"}],"twitter_card":"summary_large_image","twitter_misc":{"Dur\u00e9e de lecture est.":"1 minute"},"schema":{"@context":"https:\/\/schema.org","@graph":[{"@type":"WebSite","@id":"https:\/\/reliance49.fr\/#website","url":"https:\/\/reliance49.fr\/","name":"reliance49","description":"orientation scolaire et professionnelle ","potentialAction":[{"@type":"SearchAction","target":{"@type":"EntryPoint","urlTemplate":"https:\/\/reliance49.fr\/?s={search_term_string}"},"query-input":"required name=search_term_string"}],"inLanguage":"fr-FR"},{"@type":"ImageObject","@id":"https:\/\/reliance49.fr\/?page_id=882#primaryimage","inLanguage":"fr-FR","url":"http:\/\/reliance49.fr\/wp-content\/uploads\/2025\/06\/IMG_20250528_230508.jpg","contentUrl":"http:\/\/reliance49.fr\/wp-content\/uploads\/2025\/06\/IMG_20250528_230508.jpg"},{"@type":"WebPage","@id":"https:\/\/reliance49.fr\/?page_id=882#webpage","url":"https:\/\/reliance49.fr\/?page_id=882","name":"Me contacter - reliance49","isPartOf":{"@id":"https:\/\/reliance49.fr\/#website"},"primaryImageOfPage":{"@id":"https:\/\/reliance49.fr\/?page_id=882#primaryimage"},"datePublished":"2022-04-25T12:55:57+00:00","dateModified":"2026-03-27T09:06:06+00:00","description":"Orientation scolaire et professionnelle : je vous accompagne sur votre chemin propre, vous aligner avec vous m\u00eame et vous d\u00e9ployer pleinement","breadcrumb":{"@id":"https:\/\/reliance49.fr\/?page_id=882#breadcrumb"},"inLanguage":"fr-FR","potentialAction":[{"@type":"ReadAction","target":["https:\/\/reliance49.fr\/?page_id=882"]}]},{"@type":"BreadcrumbList","@id":"https:\/\/reliance49.fr\/?page_id=882#breadcrumb","itemListElement":[{"@type":"ListItem","position":1,"name":"Accueil","item":"https:\/\/reliance49.fr\/"},{"@type":"ListItem","position":2,"name":"Me contacter"}]}]}},"_links":{"self":[{"href":"https:\/\/reliance49.fr\/index.php?rest_route=\/wp\/v2\/pages\/882"}],"collection":[{"href":"https:\/\/reliance49.fr\/index.php?rest_route=\/wp\/v2\/pages"}],"about":[{"href":"https:\/\/reliance49.fr\/index.php?rest_route=\/wp\/v2\/types\/page"}],"author":[{"embeddable":true,"href":"https:\/\/reliance49.fr\/index.php?rest_route=\/wp\/v2\/users\/1"}],"replies":[{"embeddable":true,"href":"https:\/\/reliance49.fr\/index.php?rest_route=%2Fwp%2Fv2%2Fcomments&post=882"}],"version-history":[{"count":40,"href":"https:\/\/reliance49.fr\/index.php?rest_route=\/wp\/v2\/pages\/882\/revisions"}],"predecessor-version":[{"id":1697,"href":"https:\/\/reliance49.fr\/index.php?rest_route=\/wp\/v2\/pages\/882\/revisions\/1697"}],"wp:attachment":[{"href":"https:\/\/reliance49.fr\/index.php?rest_route=%2Fwp%2Fv2%2Fmedia&parent=882"}],"curies":[{"name":"wp","href":"https:\/\/api.w.org\/{rel}","templated":true}]}}